{"id":19685,"date":"2024-01-10T17:03:30","date_gmt":"2024-01-10T15:03:30","guid":{"rendered":"https:\/\/miraidobra.com\/?page_id=19685"},"modified":"2024-08-02T16:35:15","modified_gmt":"2024-08-02T13:35:15","slug":"volontery","status":"publish","type":"page","link":"https:\/\/miraidobra.com\/de\/volontery\/","title":{"rendered":"Freiwillige"},"content":{"rendered":"<div data-elementor-type=\"wp-page\" data-elementor-id=\"19685\" class=\"elementor elementor-19685\">\n\t\t\t\t\t\t\t\t\t<section class=\"elementor-section elementor-top-section elementor-element elementor-element-718a8087 elementor-section-content-middle elementor-section-boxed elementor-section-height-default elementor-section-height-default\" data-id=\"718a8087\" data-element_type=\"section\">\n\t\t\t\t\t\t<div class=\"elementor-container elementor-column-gap-default\">\n\t\t\t\t\t<div class=\"elementor-column elementor-col-100 elementor-top-column elementor-element elementor-element-152c3843\" data-id=\"152c3843\" data-element_type=\"column\">\n\t\t\t<div class=\"elementor-widget-wrap elementor-element-populated\">\n\t\t\t\t\t\t\t\t<div class=\"elementor-element elementor-element-1bd814d elementor-widget__width-initial e-transform elementor-widget elementor-widget-heading\" data-id=\"1bd814d\" data-element_type=\"widget\" data-settings=\"{&quot;_transform_translateX_effect&quot;:{&quot;unit&quot;:&quot;px&quot;,&quot;size&quot;:0,&quot;sizes&quot;:[]},&quot;_transform_translateX_effect_tablet&quot;:{&quot;unit&quot;:&quot;px&quot;,&quot;size&quot;:&quot;&quot;,&quot;sizes&quot;:[]},&quot;_transform_translateX_effect_mobile&quot;:{&quot;unit&quot;:&quot;px&quot;,&quot;size&quot;:&quot;&quot;,&quot;sizes&quot;:[]},&quot;_transform_translateY_effect&quot;:{&quot;unit&quot;:&quot;px&quot;,&quot;size&quot;:&quot;&quot;,&quot;sizes&quot;:[]},&quot;_transform_translateY_effect_tablet&quot;:{&quot;unit&quot;:&quot;px&quot;,&quot;size&quot;:&quot;&quot;,&quot;sizes&quot;:[]},&quot;_transform_translateY_effect_mobile&quot;:{&quot;unit&quot;:&quot;px&quot;,&quot;size&quot;:&quot;&quot;,&quot;sizes&quot;:[]}}\" data-widget_type=\"heading.default\">\n\t\t\t\t<div class=\"elementor-widget-container\">\n\t\t\t<style>\/*! elementor - v3.15.0 - 09-08-2023 *\/\n.elementor-heading-title{padding:0;margin:0;line-height:1}.elementor-widget-heading .elementor-heading-title[class*=elementor-size-]>a{color:inherit;font-size:inherit;line-height:inherit}.elementor-widget-heading .elementor-heading-title.elementor-size-small{font-size:15px}.elementor-widget-heading .elementor-heading-title.elementor-size-medium{font-size:19px}.elementor-widget-heading .elementor-heading-title.elementor-size-large{font-size:29px}.elementor-widget-heading .elementor-heading-title.elementor-size-xl{font-size:39px}.elementor-widget-heading .elementor-heading-title.elementor-size-xxl{font-size:59px}<\/style><h2 class=\"elementor-heading-title elementor-size-default\"><br>\u041f\u0435\u0440\u0435\u0432\u0456\u0440\u043a\u0430 \u0432\u043e\u043b\u043e\u043d\u0442\u0435\u0440\u0430<\/h2>\t\t<\/div>\n\t\t\t\t<\/div>\n\t\t\t\t<div class=\"elementor-element elementor-element-42605484 elementor-widget__width-initial elementor-widget elementor-widget-text-editor\" data-id=\"42605484\" data-element_type=\"widget\" data-widget_type=\"text-editor.default\">\n\t\t\t\t<div class=\"elementor-widget-container\">\n\t\t\t<style>\/*! elementor - v3.15.0 - 09-08-2023 *\/\n.elementor-widget-text-editor.elementor-drop-cap-view-stacked .elementor-drop-cap{background-color:#69727d;color:#fff}.elementor-widget-text-editor.elementor-drop-cap-view-framed .elementor-drop-cap{color:#69727d;border:3px solid;background-color:transparent}.elementor-widget-text-editor:not(.elementor-drop-cap-view-default) .elementor-drop-cap{margin-top:8px}.elementor-widget-text-editor:not(.elementor-drop-cap-view-default) .elementor-drop-cap-letter{width:1em;height:1em}.elementor-widget-text-editor .elementor-drop-cap{float:left;text-align:center;line-height:1;font-size:50px}.elementor-widget-text-editor .elementor-drop-cap-letter{display:inline-block}<\/style>\t\t\t\t<p><strong>Aufgrund der Notwendigkeit, mehr Geld zu verdienen, habe ich viele zus\u00e4tzliche Kosten f\u00fcr die Finanzierung unserer Partner erworben y \u0432\u0456\u0434 \u043c\u043e\u0436\u043b\u0438\u0432\u0438\u0445 \u043d\u0435\u0434\u043e\u0431\u0440\u043e\u0441\u043e\u0432\u0456\u0441\u043d\u0438\u0445 \u043e\u0441\u0438\u0431.<\/strong><\/p><p>In dieser Zeit, in der ich mich sehr schwer getan habe, habe ich nur so viele Tests durchgef\u00fchrt, aber auf jeden Fall, was ich tun kann Es gibt viele Gr\u00fcnde, warum Sie sich nicht um die Gesundheit Ihrer Kinder k\u00fcmmern m\u00fcssen.<\/p><p><strong>\u041c\u0438 \u0437\u0430\u043a\u043b\u0438\u043a\u0430\u0454\u043c\u043e \u0432\u0441\u0456\u0445 \u043d\u0430\u0448\u0438\u0445 <\/strong><strong>Spender, Partner und Partner<\/strong><strong> Aber es gibt keine M\u00f6glichkeit, sich mit den vorherigen Informationen zu befassen, aber Sie werden sich nicht von uns trennen, und Sie werden sich auf freiwilliger Basis in Ihrem Unternehmen anmelden.<\/strong> Um Ihnen eine zus\u00e4tzliche Garantie zu geben, m\u00fcssen Sie zwei weitere Artikel lesen, die Sie ben\u00f6tigen.<\/p><p>Es kann sein, dass Sie lange warten <strong>Wir bitten Sie, sich freiwillig f\u00fcr die Verwendung eines QR-Codes zu entscheiden<\/strong>, \u0440\u043e\u0437\u043c\u0456\u0449\u0435\u043d\u043e\u0433\u043e \u043d\u0430 \u0439\u043e\u0433\u043e \u0432\u043e\u043b\u043e\u043d\u0442\u0435\u0440\u0441\u044c\u043a\u043e\u043c\u0443 \u043f\u043e\u0441\u0432\u0456\u0434\u0447\u0435\u043d\u043d\u0456 (abgesehen vom Datum 2024). Um den QR-Code f\u00fcr ein anderes Mobiltelefon sofort zu scannen, m\u00fcssen Sie die Person, die sich auf der Website angemeldet hat, sofort kontaktieren.<\/p><p>Weitere Informationen zu den folgenden Identit\u00e4tsnachweisen:<\/p><p>\u00a0 \u00a0 \u00a01. \u041f\u0406\u0411-Volonter<br \/>\u00a0 \u00a0 \u00a02. Foto des Freiwilligen<br \/>\u00a0 \u00a0 \u00a03. Das Datum wird angezeigt<br \/>\u00a0 \u00a0 \u00a04. Frist<br \/>\u00a0 \u00a0 \u00a05. Anzahl der Eintr\u00e4ge<\/p><p>In den n\u00e4chsten Tagen kann die Nachricht bis 2024 per E-Mail an info@miraidobra.com oder unter der Telefonnummer +38-066-848-80-88 verschickt werden.<\/p><p>Im Grunde genommen ist es f\u00fcr Sie nicht m\u00f6glich, dass Ihr Freiwilligen-Fonds nicht mehr als zwei Monate sp\u00e4ter ein zweites Mal eintrifft. Eine Woche sp\u00e4ter wurde eine zus\u00e4tzliche Geb\u00fchr f\u00fcr die Zahlung von Dokumenten (zweitrangige Akte) erhoben , \u0434\u043e\u0433\u043e\u0432\u043e\u0440\u0430\u043c\u0438 \u0442\u043e\u0449\u043e) \u0442\u0430 \u0437\u0430\u0432\u0456\u0440\u0435\u043d\u0438\u043c\u0438 \u043f\u0435\u0447\u0430\u0442\u043a\u043e\u044e \u0444\u043e\u043d\u0434\u0443.<\/p><p>Meiner Meinung nach sind es viele Menschen, die ihre Partner und Spender vertrauensvoll behandeln. Ich wollte nur, dass ich meine Spielzeit verliere. Aus diesem Grund ist es f\u00fcr mich wichtig, dass ich mit der Zeit nicht weiterkomme. \ud83d\udc99\ud83c\udf10 #\u0417\u0430\u0421\u043f\u0456\u043b\u044c\u043d\u0456\u0414\u0456\u0457 #\u0411\u0435\u0437\u043f\u0435\u043a\u0430\u0424\u043e\u043d\u0434\u0443 #\u0414\u043e\u0431\u0440\u043e\u0414\u043e\u0441\u044f\u0433\u0430\u0454\u041c\u0435\u0442\u0438 #\u0417\u0430\u0421\u043f\u0456\u043b\u044c\u043d\u0456\u0414\u0456\u0457 #\u0411\u0435\u0437\u043f\u0435\u043a\u0430\u0424\u043e\u043d\u0434\u0443 #\u0414\u043e\u043f\u043e\u043c\u0430\u0433\u0430\u0439\u043c\u043e \u0420\u0430\u0437\u043e\u043c\u201d<\/p>\t\t\t\t\t\t<\/div>\n\t\t\t\t<\/div>\n\t\t\t\t\t<\/div>\n\t\t<\/div>\n\t\t\t\t\t\t\t<\/div>\n\t\t<\/section>\n\t\t\t\t<section class=\"elementor-section elementor-top-section elementor-element elementor-element-8b50b06 elementor-section-boxed elementor-section-height-default elementor-section-height-default\" data-id=\"8b50b06\" data-element_type=\"section\">\n\t\t\t\t\t\t<div class=\"elementor-container elementor-column-gap-default\">\n\t\t\t\t\t<div class=\"elementor-column elementor-col-100 elementor-top-column elementor-element elementor-element-af9f9b8\" data-id=\"af9f9b8\" data-element_type=\"column\">\n\t\t\t<div class=\"elementor-widget-wrap\">\n\t\t\t\t\t\t\t\t\t<\/div>\n\t\t<\/div>\n\t\t\t\t\t\t\t<\/div>\n\t\t<\/section>\n\t\t\t\t<section class=\"elementor-section elementor-top-section elementor-element elementor-element-29470c2 elementor-section-boxed elementor-section-height-default elementor-section-height-default\" data-id=\"29470c2\" data-element_type=\"section\">\n\t\t\t\t\t\t<div class=\"elementor-container elementor-column-gap-default\">\n\t\t\t\t\t<div class=\"elementor-column elementor-col-100 elementor-top-column elementor-element elementor-element-2c97e8a\" data-id=\"2c97e8a\" data-element_type=\"column\">\n\t\t\t<div class=\"elementor-widget-wrap elementor-element-populated\">\n\t\t\t\t\t\t\t\t<div class=\"elementor-element elementor-element-8e60228 elementor-widget elementor-widget-text-editor\" data-id=\"8e60228\" data-element_type=\"widget\" data-widget_type=\"text-editor.default\">\n\t\t\t\t<div class=\"elementor-widget-container\">\n\t\t\t\t\t\t\t<p><img loading=\"lazy\" decoding=\"async\" class=\"\" src=\"https:\/\/img.freepik.com\/free-photo\/front-view-defocused-female-volunteer-giving-thumbs-up_23-2148638017.jpg\" alt=\"Front view of defocused female volunteer giving thumbs up\" width=\"686\" height=\"457\" \/><\/p>\t\t\t\t\t\t<\/div>\n\t\t\t\t<\/div>\n\t\t\t\t\t<\/div>\n\t\t<\/div>\n\t\t\t\t\t\t\t<\/div>\n\t\t<\/section>\n\t\t\t\t\t\t\t<\/div>","protected":false},"excerpt":{"rendered":"<p>\u041f\u0435\u0440\u0435\u0432\u0456\u0440\u043a\u0430 \u0432\u043e\u043b\u043e\u043d\u0442\u0435\u0440\u0430 \u0423 \u0437\u0432&#039;\u044f\u0437\u043a\u0443 \u0437 \u043d\u0435\u0430\u0431\u0438\u044f\u043a\u0438\u043c \u0437\u0430\u0446\u0456\u043a\u0430\u0432\u043b\u0435\u043d\u043d\u044f\u043c \u0434\u043e \u0434\u043e\u043f\u043e\u043c\u043e\u0433\u0438 \u0442\u0430 \u0431\u043b\u0430\u0433\u043e\u0434\u0456\u0439\u043d\u043e\u0441\u0442\u0456, \u043c\u0438 \u0432\u0432\u043e\u0434\u0438\u043c\u043e \u0434\u043e\u0434\u0430\u0442\u043a\u043e\u0432\u0456 \u0437\u0430\u0445\u043e\u0434\u0438 \u0431\u0435\u0437\u043f\u0435\u043a\u0438 \u0434\u043b\u044f \u0437\u0430\u0445\u0438\u0441\u0442\u0443 \u043d\u0430\u0448\u0438\u0445 \u043f\u0430\u0440\u0442\u043d\u0435\u0440\u0456\u0432 Es gibt in der ganzen Welt viele verschiedene Interessen. In dieser Zeit, in der ich mich sehr schwer getan habe, habe ich nur so viele Tests durchgef\u00fchrt, aber auf jeden Fall, was ich tun kann Weitere Informationen finden Sie auf unserer Seite [\u2026]<\/p>","protected":false},"author":4,"featured_media":0,"parent":0,"menu_order":0,"comment_status":"closed","ping_status":"closed","template":"elementor_header_footer","meta":{"footnotes":""},"class_list":["post-19685","page","type-page","status-publish","hentry"],"acf":[],"_links":{"self":[{"href":"https:\/\/miraidobra.com\/de\/wp-json\/wp\/v2\/pages\/19685","targetHints":{"allow":["GET"]}}],"collection":[{"href":"https:\/\/miraidobra.com\/de\/wp-json\/wp\/v2\/pages"}],"about":[{"href":"https:\/\/miraidobra.com\/de\/wp-json\/wp\/v2\/types\/page"}],"author":[{"embeddable":true,"href":"https:\/\/miraidobra.com\/de\/wp-json\/wp\/v2\/users\/4"}],"replies":[{"embeddable":true,"href":"https:\/\/miraidobra.com\/de\/wp-json\/wp\/v2\/comments?post=19685"}],"version-history":[{"count":33,"href":"https:\/\/miraidobra.com\/de\/wp-json\/wp\/v2\/pages\/19685\/revisions"}],"predecessor-version":[{"id":20148,"href":"https:\/\/miraidobra.com\/de\/wp-json\/wp\/v2\/pages\/19685\/revisions\/20148"}],"wp:attachment":[{"href":"https:\/\/miraidobra.com\/de\/wp-json\/wp\/v2\/media?parent=19685"}],"curies":[{"name":"wp","href":"https:\/\/api.w.org\/{rel}","templated":true}]}}