{"id":19685,"date":"2024-01-10T17:03:30","date_gmt":"2024-01-10T15:03:30","guid":{"rendered":"https:\/\/miraidobra.com\/?page_id=19685"},"modified":"2024-08-02T16:35:15","modified_gmt":"2024-08-02T13:35:15","slug":"volontery","status":"publish","type":"page","link":"https:\/\/miraidobra.com\/fr\/volontery\/","title":{"rendered":"B\u00e9n\u00e9voles"},"content":{"rendered":"<div data-elementor-type=\"wp-page\" data-elementor-id=\"19685\" class=\"elementor elementor-19685\">\n\t\t\t\t\t\t\t\t\t<section class=\"elementor-section elementor-top-section elementor-element elementor-element-718a8087 elementor-section-content-middle elementor-section-boxed elementor-section-height-default elementor-section-height-default\" data-id=\"718a8087\" data-element_type=\"section\">\n\t\t\t\t\t\t<div class=\"elementor-container elementor-column-gap-default\">\n\t\t\t\t\t<div class=\"elementor-column elementor-col-100 elementor-top-column elementor-element elementor-element-152c3843\" data-id=\"152c3843\" data-element_type=\"column\">\n\t\t\t<div class=\"elementor-widget-wrap elementor-element-populated\">\n\t\t\t\t\t\t\t\t<div class=\"elementor-element elementor-element-1bd814d elementor-widget__width-initial e-transform elementor-widget elementor-widget-heading\" data-id=\"1bd814d\" data-element_type=\"widget\" data-settings=\"{&quot;_transform_translateX_effect&quot;:{&quot;unit&quot;:&quot;px&quot;,&quot;size&quot;:0,&quot;sizes&quot;:[]},&quot;_transform_translateX_effect_tablet&quot;:{&quot;unit&quot;:&quot;px&quot;,&quot;size&quot;:&quot;&quot;,&quot;sizes&quot;:[]},&quot;_transform_translateX_effect_mobile&quot;:{&quot;unit&quot;:&quot;px&quot;,&quot;size&quot;:&quot;&quot;,&quot;sizes&quot;:[]},&quot;_transform_translateY_effect&quot;:{&quot;unit&quot;:&quot;px&quot;,&quot;size&quot;:&quot;&quot;,&quot;sizes&quot;:[]},&quot;_transform_translateY_effect_tablet&quot;:{&quot;unit&quot;:&quot;px&quot;,&quot;size&quot;:&quot;&quot;,&quot;sizes&quot;:[]},&quot;_transform_translateY_effect_mobile&quot;:{&quot;unit&quot;:&quot;px&quot;,&quot;size&quot;:&quot;&quot;,&quot;sizes&quot;:[]}}\" data-widget_type=\"heading.default\">\n\t\t\t\t<div class=\"elementor-widget-container\">\n\t\t\t<style>\/*! elementor - v3.15.0 - 09-08-2023 *\/\n.elementor-heading-title{padding:0;margin:0;line-height:1}.elementor-widget-heading .elementor-heading-title[class*=elementor-size-]>a{color:inherit;font-size:inherit;line-height:inherit}.elementor-widget-heading .elementor-heading-title.elementor-size-small{font-size:15px}.elementor-widget-heading .elementor-heading-title.elementor-size-medium{font-size:19px}.elementor-widget-heading .elementor-heading-title.elementor-size-large{font-size:29px}.elementor-widget-heading .elementor-heading-title.elementor-size-xl{font-size:39px}.elementor-widget-heading .elementor-heading-title.elementor-size-xxl{font-size:59px}<\/style><h2 class=\"elementor-heading-title elementor-size-default\"><br>\u041f\u0435\u0440\u0435\u0432\u0456\u0440\u043a\u0430 \u0432\u043e\u043b\u043e\u043d\u0442\u0435\u0440\u0430<\/h2>\t\t<\/div>\n\t\t\t\t<\/div>\n\t\t\t\t<div class=\"elementor-element elementor-element-42605484 elementor-widget__width-initial elementor-widget elementor-widget-text-editor\" data-id=\"42605484\" data-element_type=\"widget\" data-widget_type=\"text-editor.default\">\n\t\t\t\t<div class=\"elementor-widget-container\">\n\t\t\t<style>\/*! elementor - v3.15.0 - 09-08-2023 *\/\n.elementor-widget-text-editor.elementor-drop-cap-view-stacked .elementor-drop-cap{background-color:#69727d;color:#fff}.elementor-widget-text-editor.elementor-drop-cap-view-framed .elementor-drop-cap{color:#69727d;border:3px solid;background-color:transparent}.elementor-widget-text-editor:not(.elementor-drop-cap-view-default) .elementor-drop-cap{margin-top:8px}.elementor-widget-text-editor:not(.elementor-drop-cap-view-default) .elementor-drop-cap-letter{width:1em;height:1em}.elementor-widget-text-editor .elementor-drop-cap{float:left;text-align:center;line-height:1;font-size:50px}.elementor-widget-text-editor .elementor-drop-cap-letter{display:inline-block}<\/style>\t\t\t\t<p><strong>En ce qui concerne les projets de d\u00e9veloppement de projets, mon entreprise fournit des services pour votre partenaire fondu \u0432 \u0446\u0456\u043b\u043e\u043c\u0443 \u0432\u0456\u0434 \u043c\u043e\u0436\u043b\u0438\u0432\u0438\u0445 \u043d\u0435\u0434\u043e\u0431\u0440\u043e\u0441\u043e\u0432\u0456\u0441\u043d\u0438\u0445 \u043e\u0441\u0456\u0431.<\/strong><\/p><p>Il y a des choses nouvelles pour les gens, je pense que c&#039;est le plus grand nombre de personnes, mais, en ce moment, je sais que c&#039;est mon vicoriste \u043e\u0432\u0443\u0432\u0430\u0442\u0438 \u0434\u043e\u0431\u0440\u0456 \u043d\u0430\u043c\u0456\u0440\u0438 \u0431\u043b\u0430\u0433\u043e\u0434\u0456\u0439\u043d\u0438\u0445 \u0444\u043e\u043d\u0434\u0456\u0432 \u0434\u043b\u044f \u0441\u0432\u043e\u0457\u0445 \u043e\u0441\u043e\u0431\u0438\u0441\u0442\u0438\u0445 \u043a\u043e\u0440\u0438\u0441\u043b\u0438\u0432\u0438\u0445 \u0446\u0456\u043b\u0435\u0439.<\/p><p><strong>Je m&#039;inqui\u00e8te pour tout cela <\/strong><strong>\u0434\u043e\u043d\u043e\u0440\u0456\u0432, \u0434\u0440\u0443\u0437\u0456\u0432 \u0442\u0430 \u043f\u0430\u0440\u0442\u043d\u0435\u0440\u0456\u0432<\/strong><strong> Mais si vous \u00eates int\u00e9ress\u00e9 \u00e0 obtenir des informations pr\u00e9c\u00e9dentes, vous avez d\u00e9j\u00e0 vu votre fond d&#039;\u00e9cran.<\/strong> Pour que vous puissiez obtenir une garantie, vous devez donc vous assurer que vous \u00eates en mesure de le faire.<\/p><p>Vous pouvez voir plus loin <strong>\u043f\u0435\u0440\u0435\u0432\u0456\u0440\u0438\u0442\u0438 \u0432\u043e\u043b\u043e\u043d\u0442\u0435\u0440\u0430 \u0437\u0430 \u0434\u043e\u043f\u043e\u043c\u043e\u0433\u043e\u044e QR-\u043a\u043e\u0434\u0443<\/strong>, \u0440\u043e\u0437\u043c\u0456\u0449\u0435\u043d\u043e\u0433\u043e \u043d\u0430 \u0439\u043e\u0433\u043e \u0432\u043e\u043b\u043e\u043d\u0442\u0435\u0440\u0441\u044c\u043a\u043e\u043c\u0443 \u043f\u043e\u0441\u0432\u0456\u0434\u0447\u0435\u043d\u043d\u0456 (\u0434\u0456\u0454 \u0434\u043b\u044f \u043f\u043e\u0441\u0432\u0456\u0434\u0447\u0435\u043d\u044c, \u0432\u0438\u0434\u0430\u043d\u0438\u0445 2024 ro\u043a\u0443). Pour commencer, scannez le code QR afin d&#039;obtenir un fichier mobile afin de v\u00e9rifier chaque fois que vous avez besoin de votre fond d&#039;\u00e9cran.<\/p><p>Les volontaires ont le plus grand nombre de possibilit\u00e9s d&#039;identification\u00a0:<\/p><p>\u00a0 \u00a0 \u00a01. \u041f\u0406\u0411 \u0432\u043e\u043b\u043e\u043d\u0442\u0435\u0440\u0430<br \/>\u00a0 \u00a0 \u00a02. photo du volontateur<br \/>\u00a0 \u00a0 \u00a03. donn\u00e9es disponibles<br \/>\u00a0 \u00a0 \u00a04. TERMIN \u0434\u0456\u0457 \u043f\u043e\u0441\u0432\u0456\u0434\u0447\u0435\u043d\u043d\u044f<br \/>\u00a0 \u00a0 \u00a05. num\u00e9ro de t\u00e9l\u00e9phone<\/p><p>En ce qui concerne la date de 2024, vous pouvez contacter votre t\u00e9l\u00e9phone \u00e9lectronique \u00e0 info@miraidobra.com par t\u00e9l\u00e9phone +38-066-848-80 -88.<\/p><p>Donc, si vous voulez un fond d&#039;\u00e9cran, vous ne pouvez pas vous permettre de le faire avant de le faire. Alors, bien s\u00fbr, pour que vous puissiez voir les documents fournis (dans \u043e\u0440\u0443\u0447\u0435\u043d\u043d\u044f\u043c\u0438, \u0430\u043a\u0442\u0430\u043c\u0438, \u0434\u043e\u0433\u043e\u0432\u043e\u0440\u0430\u043c\u0438 \u0442\u043e\u0449\u043e) \u0442\u0430 \u0437\u0430\u0432\u0456\u0440\u0435\u043d\u0438\u043c\u0438 \u043f\u0435\u0447\u0430\u0442\u043a\u043e\u044e fond\u0443.<\/p><p>Mon robot est un homme qui doit s&#039;assurer de confier ses partenaires aux donateurs. Je vais vous aider \u00e0 sortir de votre jeu. Je pense que mon ami est en mesure de le faire. \ud83d\udc99\ud83c\udf10 #\u0417\u0430\u0421\u043f\u0456\u043b\u044c\u043d\u0456\u0414\u0456\u0457 #\u0411\u0435\u0437\u043f\u0435\u043a\u0430\u0424\u043e\u043d\u0434\u0443 #\u0414\u043e\u0431\u0440\u043e\u0414\u043e\u0441\u044f\u0433\u0430\u0454\u041c\u0435\u0442\u0438 #\u0417\u0430\u0421\u043f\u0456\u043b\u044c\u043d\u0456\u0414\u0456\u0457 #\u0411\u0435\u0437\u043f\u0435\u043a\u0430\u0424\u043e\u043d\u0434\u0443 #\u0414\u043e\u043f\u043e\u043c\u0430\u0433\u0430\u0439\u043c \u043e\u0420\u0430\u0437\u043e\u043c\u00bb<\/p>\t\t\t\t\t\t<\/div>\n\t\t\t\t<\/div>\n\t\t\t\t\t<\/div>\n\t\t<\/div>\n\t\t\t\t\t\t\t<\/div>\n\t\t<\/section>\n\t\t\t\t<section class=\"elementor-section elementor-top-section elementor-element elementor-element-8b50b06 elementor-section-boxed elementor-section-height-default elementor-section-height-default\" data-id=\"8b50b06\" data-element_type=\"section\">\n\t\t\t\t\t\t<div class=\"elementor-container elementor-column-gap-default\">\n\t\t\t\t\t<div class=\"elementor-column elementor-col-100 elementor-top-column elementor-element elementor-element-af9f9b8\" data-id=\"af9f9b8\" data-element_type=\"column\">\n\t\t\t<div class=\"elementor-widget-wrap\">\n\t\t\t\t\t\t\t\t\t<\/div>\n\t\t<\/div>\n\t\t\t\t\t\t\t<\/div>\n\t\t<\/section>\n\t\t\t\t<section class=\"elementor-section elementor-top-section elementor-element elementor-element-29470c2 elementor-section-boxed elementor-section-height-default elementor-section-height-default\" data-id=\"29470c2\" data-element_type=\"section\">\n\t\t\t\t\t\t<div class=\"elementor-container elementor-column-gap-default\">\n\t\t\t\t\t<div class=\"elementor-column elementor-col-100 elementor-top-column elementor-element elementor-element-2c97e8a\" data-id=\"2c97e8a\" data-element_type=\"column\">\n\t\t\t<div class=\"elementor-widget-wrap elementor-element-populated\">\n\t\t\t\t\t\t\t\t<div class=\"elementor-element elementor-element-8e60228 elementor-widget elementor-widget-text-editor\" data-id=\"8e60228\" data-element_type=\"widget\" data-widget_type=\"text-editor.default\">\n\t\t\t\t<div class=\"elementor-widget-container\">\n\t\t\t\t\t\t\t<p><img loading=\"lazy\" decoding=\"async\" class=\"\" src=\"https:\/\/img.freepik.com\/free-photo\/front-view-defocused-female-volunteer-giving-thumbs-up_23-2148638017.jpg\" alt=\"Front view of defocused female volunteer giving thumbs up\" width=\"686\" height=\"457\" \/><\/p>\t\t\t\t\t\t<\/div>\n\t\t\t\t<\/div>\n\t\t\t\t\t<\/div>\n\t\t<\/div>\n\t\t\t\t\t\t\t<\/div>\n\t\t<\/section>\n\t\t\t\t\t\t\t<\/div>","protected":false},"excerpt":{"rendered":"<p>\u041f\u0435\u0440\u0435\u0432\u0456\u0440\u043a\u0430 \u0432\u043e\u043b\u043e\u043d\u0442\u0435\u0440\u0430 \u0423 \u0437\u0432&#039;\u044f\u0437\u043a\u0443 \u0437\u0430\u0446\u0456\u043a\u0430\u0432\u043b\u0435\u043d\u043d\u044f\u043c \u0434\u043e \u0434\u043e\u043f\u043e\u043c\u043e\u0433\u0438 \u0442\u0430 \u0431\u043b\u0430\u0433\u043e\u0434\u0456\u0439\u043d\u043e\u0441\u0442\u0456, \u043c\u0438 \u0432\u0432\u043e\u0434\u0438\u043c\u043e \u0434\u043e\u0434\u0430\u0442\u043a\u043e\u0432\u0456 \u0437\u0430\u0445\u043e\u0434\u0438 \u0431\u0435\u0437\u043f\u0435\u043a\u0438 \u0434\u043b\u044f Nous avons nos partenaires du fond d&#039;\u00e9cran dans notre entreprise. Il y a des choses nouvelles pour les gens, je pense que c&#039;est le plus possible de voir les choses, mais, \u00e0 l&#039;heure actuelle, je sais que ce que tu peux faire \u0432\u0438\u043a\u043e\u0440\u0438\u0441\u0442\u043e\u0432\u0443\u0432\u0430\u0442\u0438 \u0434\u043e\u0431\u0440\u0456 \u043d\u0430\u043c\u0456\u0440\u0438 \u0431\u043b\u0430\u0433\u043e\u0434\u0456\u0439\u043d\u0438\u0445 \u0444\u043e\u043d\u0434\u0456\u0432 \u0434\u043b\u044f \u0441\u0432\u043e\u0457\u0445 [\u2026]<\/p>","protected":false},"author":4,"featured_media":0,"parent":0,"menu_order":0,"comment_status":"closed","ping_status":"closed","template":"elementor_header_footer","meta":{"footnotes":""},"class_list":["post-19685","page","type-page","status-publish","hentry"],"acf":[],"_links":{"self":[{"href":"https:\/\/miraidobra.com\/fr\/wp-json\/wp\/v2\/pages\/19685","targetHints":{"allow":["GET"]}}],"collection":[{"href":"https:\/\/miraidobra.com\/fr\/wp-json\/wp\/v2\/pages"}],"about":[{"href":"https:\/\/miraidobra.com\/fr\/wp-json\/wp\/v2\/types\/page"}],"author":[{"embeddable":true,"href":"https:\/\/miraidobra.com\/fr\/wp-json\/wp\/v2\/users\/4"}],"replies":[{"embeddable":true,"href":"https:\/\/miraidobra.com\/fr\/wp-json\/wp\/v2\/comments?post=19685"}],"version-history":[{"count":33,"href":"https:\/\/miraidobra.com\/fr\/wp-json\/wp\/v2\/pages\/19685\/revisions"}],"predecessor-version":[{"id":20148,"href":"https:\/\/miraidobra.com\/fr\/wp-json\/wp\/v2\/pages\/19685\/revisions\/20148"}],"wp:attachment":[{"href":"https:\/\/miraidobra.com\/fr\/wp-json\/wp\/v2\/media?parent=19685"}],"curies":[{"name":"wp","href":"https:\/\/api.w.org\/{rel}","templated":true}]}}